{"id":49,"date":"2021-12-08T07:28:46","date_gmt":"2021-12-08T07:28:46","guid":{"rendered":"http:\/\/www.pgelectronic.cz\/en\/?page_id=49"},"modified":"2021-12-08T07:28:46","modified_gmt":"2021-12-08T07:28:46","slug":"impressum","status":"publish","type":"page","link":"https:\/\/www.pgelectronic.cz\/en\/impressum\/","title":{"rendered":"Impressum"},"content":{"rendered":"\n<h1>Impresum<\/h1>\n\n\n\n<p><strong>SPS electronic GmbH<\/strong>&nbsp;| Eugen-Bolz-Stra\u00dfe 8, 74523 Schw\u00e4bisch Hall<br>Zastoupen: Dipl.-Ing. Wolf-Henning Stoll &amp; Sascha Aust<br>Tel.: +49 791 20 212 0, Fax: +49 791 20 212 999, Email:&nbsp;<a href=\"javascript:linkTo_UnCryptMailto('kygjrm8gldmYqnqcjcarpmlga,amk');\">infospselectroniccom<\/a><br>Obchodn\u00ed rejst\u0159\u00edk: Amtsgericht Stuttgart HRB 570603<br>\u010d\u00edslo DPH: DE 146784325&nbsp;<\/p>\n\n\n\n<p><strong>SPS electronic CZ s.r.o.<\/strong>&nbsp;| R\u016f\u017eov\u00e1&nbsp;5363, 43004&nbsp;Chomutov<br>Zastoupen: Dipl.-Ing. Wolf-Henning Stoll<br>Tel.: +420 474 684 637, Fax: +420 474 684 096, Email:&nbsp;<a href=\"javascript:linkTo_UnCryptMailto('kygjrm8gldmYqnqcjcarpmlga,ax');\">infospselectroniccz<\/a><br>Obchodn\u00ed rejst\u0159\u00edk:&nbsp;\u00dast\u00ed&nbsp;nad&nbsp;Labem,&nbsp;section C,&nbsp;commercial&nbsp;19930<br>\u010d\u00edslo DPH: CZ 25477846&nbsp;<\/p>\n\n\n\n<p><strong>SPS electronic Inc.<\/strong>&nbsp;| 1395 South Marietta Pkwy SE, Cobb, Marietta, 30067, Georgia<br>Zastoupen: Dipl.-Ing. Wolf-Henning Stoll<br>Tel.: +1 770 485 0161, Email:&nbsp;<a href=\"javascript:linkTo_UnCryptMailto('kygjrm8gldmYqnqcjcarpmlga,amk');\">infospselectroniccom<\/a><br>Obchodn\u00ed rejst\u0159\u00edk: 17034376<br>\u010d\u00edslo DPH: 37-1856230<\/p>\n\n\n\n<h2>Disclaimer<\/h2>\n\n\n\n<h3>1. Responsibility for content<\/h3>\n\n\n\n<p>The content of our site has been created with the utmost care. However, we cannot guarantee the accuracy of the content, completeness or timeliness. We are legally responsible for our own content on this website. In this context, please note that we are not obliged to monitor only transmitted or stored third party information or to investigate circumstances leading to illegal activity. Our obligation to remove or block the use of information in accordance with generally applicable laws thus remains unaffected in accordance with \u00a7\u00a7 8 to 10 of the Telemedia Act (TMG).<\/p>\n\n\n\n<h3>2. Liability for links<\/h3>\n\n\n\n<p>The responsibility for the content of external links (to third-party websites) lies solely with the operators of the linked websites. We were not aware of any violations at the time of the connection. If we become aware of any legal violations, we will remove the link immediately.<\/p>\n\n\n\n<h3>3. Copyright<\/h3>\n\n\n\n<p>Our website and its content are subject to copyright law. Unless expressly permitted by law, any form of use, reproduction or processing of a copyrighted work on our website requires the prior consent of the relevant rights owner. Individual reproductions of works are permitted only for private use, ie they may not be used directly or indirectly for gainful employment. Unauthorized use of copyrighted works is a criminal offense.<\/p>\n\n\n\n<p><strong>Information on the European Dispute Resolution Resolution: <\/strong>The European Commission provides a platform for online dispute resolution:&nbsp;<a href=\"http:\/\/ec.europa.eu\/consumers\/odr\">http:\/\/ec.europa.eu\/consumers\/odr<\/a><br>We prefer to resolve your requirements directly with you before resolving consumer disputes.<\/p>\n","protected":false},"excerpt":{"rendered":"<p>Impresum SPS electronic GmbH&nbsp;| Eugen-Bolz-Stra\u00dfe 8, 74523 Schw\u00e4bisch HallZastoupen: Dipl.-Ing. Wolf-Henning Stoll &amp; Sascha AustTel.: +49 791 20 212 0, Fax: +49 791 20 212 999, Email:&nbsp;infospselectroniccomObchodn\u00ed rejst\u0159\u00edk: Amtsgericht Stuttgart HRB 570603\u010d\u00edslo DPH: DE 146784325&nbsp; SPS electronic CZ s.r.o.&nbsp;| R\u016f\u017eov\u00e1&nbsp;5363, 43004&nbsp;ChomutovZastoupen: Dipl.-Ing. Wolf-Henning StollTel.: +420 474 684 637, Fax: +420 474 684 096, Email:&nbsp;infospselectronicczObchodn\u00ed rejst\u0159\u00edk:&nbsp;\u00dast\u00ed&nbsp;nad&nbsp;Labem,&nbsp;section [&hellip;]<\/p>\n","protected":false},"author":1,"featured_media":0,"parent":0,"menu_order":0,"comment_status":"closed","ping_status":"closed","template":"","meta":[],"acf":[],"_links":{"self":[{"href":"https:\/\/www.pgelectronic.cz\/en\/wp-json\/wp\/v2\/pages\/49"}],"collection":[{"href":"https:\/\/www.pgelectronic.cz\/en\/wp-json\/wp\/v2\/pages"}],"about":[{"href":"https:\/\/www.pgelectronic.cz\/en\/wp-json\/wp\/v2\/types\/page"}],"author":[{"embeddable":true,"href":"https:\/\/www.pgelectronic.cz\/en\/wp-json\/wp\/v2\/users\/1"}],"replies":[{"embeddable":true,"href":"https:\/\/www.pgelectronic.cz\/en\/wp-json\/wp\/v2\/comments?post=49"}],"version-history":[{"count":1,"href":"https:\/\/www.pgelectronic.cz\/en\/wp-json\/wp\/v2\/pages\/49\/revisions"}],"predecessor-version":[{"id":50,"href":"https:\/\/www.pgelectronic.cz\/en\/wp-json\/wp\/v2\/pages\/49\/revisions\/50"}],"wp:attachment":[{"href":"https:\/\/www.pgelectronic.cz\/en\/wp-json\/wp\/v2\/media?parent=49"}],"curies":[{"name":"wp","href":"https:\/\/api.w.org\/{rel}","templated":true}]}}